{"id":460,"date":"2018-02-22T20:13:21","date_gmt":"2018-02-22T20:13:21","guid":{"rendered":"https:\/\/wordsbychristine.com\/wp\/?page_id=460"},"modified":"2018-02-22T20:19:58","modified_gmt":"2018-02-22T20:19:58","slug":"glutenfria-recept","status":"publish","type":"page","link":"https:\/\/wordsbychristine.com\/wp\/mat-halsa\/glutenfria-recept\/","title":{"rendered":"Glutenfria recept"},"content":{"rendered":"<p>Mat beh\u00f6ver inte vara tr\u00e5kig och smakl\u00f6s f\u00f6r att man utesluter gluten.<\/p>\n<p><a href=\"http:\/\/bagarenochkocken.se\" target=\"_blank\" rel=\"noopener\"><img loading=\"lazy\" decoding=\"async\" src=\"https:\/\/track.adtraction.com\/t\/t?a=1048575787&amp;as=1227441984&amp;t=1&amp;tk=0&amp;i=1\" width=\"728\" height=\"90\" border=\"0\" \/><\/a><br \/>\n<img loading=\"lazy\" decoding=\"async\" class=\"alignleft size-full wp-image-444\" src=\"https:\/\/wordsbychristine.com\/wp\/wp-content\/uploads\/2018\/02\/10931594_892102634174037_9056921001304245840_o_Fotor.jpg\" alt=\"\" width=\"480\" height=\"359\" srcset=\"https:\/\/wordsbychristine.com\/wp\/wp-content\/uploads\/2018\/02\/10931594_892102634174037_9056921001304245840_o_Fotor.jpg 480w, https:\/\/wordsbychristine.com\/wp\/wp-content\/uploads\/2018\/02\/10931594_892102634174037_9056921001304245840_o_Fotor-300x224.jpg 300w\" sizes=\"auto, (max-width: 480px) 100vw, 480px\" \/><\/p>\n<p>&nbsp;<\/p>\n<p>&nbsp;<\/p>\n<p>&nbsp;<\/p>\n<p>&nbsp;<\/p>\n<p>&nbsp;<\/p>\n<p>&nbsp;<\/p>\n<p>&nbsp;<\/p>\n<p>&nbsp;<\/p>\n<p>&nbsp;<\/p>\n<p><img loading=\"lazy\" decoding=\"async\" class=\"alignleft size-full wp-image-453\" src=\"https:\/\/wordsbychristine.com\/wp\/wp-content\/uploads\/2018\/02\/28340648_10155514310602568_1285757914_o_Fotor.jpg\" alt=\"\" width=\"480\" height=\"269\" srcset=\"https:\/\/wordsbychristine.com\/wp\/wp-content\/uploads\/2018\/02\/28340648_10155514310602568_1285757914_o_Fotor.jpg 480w, https:\/\/wordsbychristine.com\/wp\/wp-content\/uploads\/2018\/02\/28340648_10155514310602568_1285757914_o_Fotor-300x168.jpg 300w\" sizes=\"auto, (max-width: 480px) 100vw, 480px\" \/><\/p>\n<p>&nbsp;<\/p>\n<p>&nbsp;<\/p>\n<p>&nbsp;<\/p>\n<p>&nbsp;<\/p>\n<p>&nbsp;<\/p>\n<p>&nbsp;<\/p>\n<p>&nbsp;<\/p>\n<p>&nbsp;<\/p>\n<p><img loading=\"lazy\" decoding=\"async\" class=\"alignleft size-full wp-image-456\" src=\"https:\/\/wordsbychristine.com\/wp\/wp-content\/uploads\/2018\/02\/28340842_10155514313082568_1399002609_o_Fotor.jpg\" alt=\"\" width=\"480\" height=\"269\" srcset=\"https:\/\/wordsbychristine.com\/wp\/wp-content\/uploads\/2018\/02\/28340842_10155514313082568_1399002609_o_Fotor.jpg 480w, https:\/\/wordsbychristine.com\/wp\/wp-content\/uploads\/2018\/02\/28340842_10155514313082568_1399002609_o_Fotor-300x168.jpg 300w\" sizes=\"auto, (max-width: 480px) 100vw, 480px\" \/><\/p>\n<p>&nbsp;<\/p>\n<p>&nbsp;<\/p>\n<p>&nbsp;<\/p>\n<p>&nbsp;<\/p>\n<p>&nbsp;<\/p>\n<p>&nbsp;<\/p>\n<p>&nbsp;<\/p>\n<p>&nbsp;<\/p>\n<p><img loading=\"lazy\" decoding=\"async\" class=\"alignleft size-full wp-image-448\" src=\"https:\/\/wordsbychristine.com\/wp\/wp-content\/uploads\/2018\/02\/1450092_892103307507303_2079295635285771784_n_Fotor.jpg\" alt=\"\" width=\"480\" height=\"480\" srcset=\"https:\/\/wordsbychristine.com\/wp\/wp-content\/uploads\/2018\/02\/1450092_892103307507303_2079295635285771784_n_Fotor.jpg 480w, https:\/\/wordsbychristine.com\/wp\/wp-content\/uploads\/2018\/02\/1450092_892103307507303_2079295635285771784_n_Fotor-150x150.jpg 150w, https:\/\/wordsbychristine.com\/wp\/wp-content\/uploads\/2018\/02\/1450092_892103307507303_2079295635285771784_n_Fotor-300x300.jpg 300w\" sizes=\"auto, (max-width: 480px) 100vw, 480px\" \/><\/p>\n<p>&nbsp;<\/p>\n<p>&nbsp;<\/p>\n<p>&nbsp;<\/p>\n<p>&nbsp;<\/p>\n<p>&nbsp;<\/p>\n<p>&nbsp;<\/p>\n<p>&nbsp;<\/p>\n<p>&nbsp;<\/p>\n<p>&nbsp;<\/p>\n<p>&nbsp;<\/p>\n<p>&nbsp;<\/p>\n<p>&nbsp;<\/p>\n<p>&nbsp;<\/p>\n<p><img loading=\"lazy\" decoding=\"async\" class=\"alignleft size-full wp-image-447\" src=\"https:\/\/wordsbychristine.com\/wp\/wp-content\/uploads\/2018\/02\/10945844_892103224173978_3157026418794285982_o_Fotor.jpg\" alt=\"\" width=\"480\" height=\"359\" srcset=\"https:\/\/wordsbychristine.com\/wp\/wp-content\/uploads\/2018\/02\/10945844_892103224173978_3157026418794285982_o_Fotor.jpg 480w, https:\/\/wordsbychristine.com\/wp\/wp-content\/uploads\/2018\/02\/10945844_892103224173978_3157026418794285982_o_Fotor-300x224.jpg 300w\" sizes=\"auto, (max-width: 480px) 100vw, 480px\" \/><\/p>\n<p>&nbsp;<\/p>\n<p>&nbsp;<\/p>\n<p>&nbsp;<\/p>\n<p>&nbsp;<\/p>\n<p>&nbsp;<\/p>\n<p>&nbsp;<\/p>\n<p>&nbsp;<\/p>\n<p>&nbsp;<\/p>\n<p>&nbsp;<\/p>\n<p>&nbsp;<\/p>\n","protected":false},"excerpt":{"rendered":"<p>Mat beh\u00f6ver inte vara tr\u00e5kig och smakl\u00f6s f\u00f6r att man utesluter gluten. &nbsp; &nbsp; &nbsp; &nbsp; &nbsp; &nbsp; &nbsp; &nbsp; &nbsp; &nbsp; &nbsp; &nbsp; &nbsp; &nbsp; &nbsp; &nbsp; &nbsp; &nbsp; &nbsp; &nbsp; &nbsp; &nbsp; &nbsp; &nbsp; &nbsp; &nbsp; &nbsp; &nbsp; &nbsp; &nbsp; &nbsp; &nbsp; &nbsp; &nbsp; &nbsp; &nbsp; &nbsp; &nbsp; &nbsp; &nbsp; &nbsp; &nbsp; &nbsp; &nbsp; &nbsp; &nbsp; &nbsp; &nbsp;<\/p>\n","protected":false},"author":1,"featured_media":0,"parent":441,"menu_order":0,"comment_status":"closed","ping_status":"closed","template":"","meta":{"footnotes":""},"class_list":["post-460","page","type-page","status-publish","hentry","list-style-post"],"_links":{"self":[{"href":"https:\/\/wordsbychristine.com\/wp\/wp-json\/wp\/v2\/pages\/460","targetHints":{"allow":["GET"]}}],"collection":[{"href":"https:\/\/wordsbychristine.com\/wp\/wp-json\/wp\/v2\/pages"}],"about":[{"href":"https:\/\/wordsbychristine.com\/wp\/wp-json\/wp\/v2\/types\/page"}],"author":[{"embeddable":true,"href":"https:\/\/wordsbychristine.com\/wp\/wp-json\/wp\/v2\/users\/1"}],"replies":[{"embeddable":true,"href":"https:\/\/wordsbychristine.com\/wp\/wp-json\/wp\/v2\/comments?post=460"}],"version-history":[{"count":2,"href":"https:\/\/wordsbychristine.com\/wp\/wp-json\/wp\/v2\/pages\/460\/revisions"}],"predecessor-version":[{"id":463,"href":"https:\/\/wordsbychristine.com\/wp\/wp-json\/wp\/v2\/pages\/460\/revisions\/463"}],"up":[{"embeddable":true,"href":"https:\/\/wordsbychristine.com\/wp\/wp-json\/wp\/v2\/pages\/441"}],"wp:attachment":[{"href":"https:\/\/wordsbychristine.com\/wp\/wp-json\/wp\/v2\/media?parent=460"}],"curies":[{"name":"wp","href":"https:\/\/api.w.org\/{rel}","templated":true}]}}