{"id":201,"date":"2018-02-18T00:39:20","date_gmt":"2018-02-18T00:39:20","guid":{"rendered":"https:\/\/wordsbychristine.com\/wp\/?page_id=201"},"modified":"2019-09-25T00:38:49","modified_gmt":"2019-09-25T00:38:49","slug":"mata-vildfaglar-i-tradgarden","status":"publish","type":"page","link":"https:\/\/wordsbychristine.com\/wp\/mata-vilda-djur\/mata-vildfaglar-i-tradgarden\/","title":{"rendered":"Mata vildf\u00e5glar i tr\u00e4dg\u00e5rden"},"content":{"rendered":"<p><strong>Varf\u00f6r ska vi mata v\u00e5ra vildf\u00e5glar?<br \/>\n<\/strong>Sm\u00e5f\u00e5glar f\u00e5r enklare att leva och f\u00f6rgylla v\u00e5ra liv med deras n\u00e4rvaro om vi st\u00f6dutfodrar dem med f\u00e5gelfr\u00f6, energikakor, fett och insekter. N\u00e4r vi hj\u00e4lper v\u00e5ra vinterf\u00e5glar bevaras olika f\u00e5gelstammar och vi beh\u00e5ller den naturens balans som f\u00e5glarna bidrar till genom att h\u00e5lla efter skadeinsekter i skogen och i tr\u00e4dg\u00e5rden. V\u00e5ra svenska f\u00e5glar ger oss ocks\u00e5 mycket livskvalitet och mindfulness \u2013 t\u00e4nk om vi inte h\u00f6rde f\u00e5glarna kvittra ifr\u00e5n tr\u00e4den, hur \u00f6de och steril skulle inte v\u00e5r planet k\u00e4nnas d\u00e5?<\/p>\n<p><img loading=\"lazy\" decoding=\"async\" class=\"aligncenter size-full wp-image-3918\" src=\"https:\/\/wordsbychristine.com\/wp\/wp-content\/uploads\/2019\/09\/small-birds-1046540_640.jpg\" alt=\"\" width=\"600\" height=\"398\" srcset=\"https:\/\/wordsbychristine.com\/wp\/wp-content\/uploads\/2019\/09\/small-birds-1046540_640.jpg 600w, https:\/\/wordsbychristine.com\/wp\/wp-content\/uploads\/2019\/09\/small-birds-1046540_640-300x199.jpg 300w, https:\/\/wordsbychristine.com\/wp\/wp-content\/uploads\/2019\/09\/small-birds-1046540_640-270x180.jpg 270w\" sizes=\"auto, (max-width: 600px) 100vw, 600px\" \/><\/p>\n<p>Ju mer man matar desto fler arter ser man p\u00e5 sitt f\u00e5gelbord. Locka f\u00e5glarna till dig genom att starta tidigt med att mata dem; d\u00e5 l\u00e4r sig f\u00e5glarna att det finns mat i din tr\u00e4dg\u00e5rd. Vildf\u00e5glarna beh\u00f6ver varje dag f\u00e5 i sig upp till 4-5 g\u00e5nger sin egen vikt i f\u00f6da. P\u00e5 vintern n\u00e4r dagarna \u00e4r s\u00e5 korta \u00e4r det viktigt f\u00f6r dem att f\u00e5 i sig tillr\u00e4ckligt med mat. Det \u00e4r kallt p\u00e5 natten och f\u00f6r att st\u00e5 emot kylan kr\u00e4vs det energi.<\/p>\n<p><img loading=\"lazy\" decoding=\"async\" class=\"aligncenter size-full wp-image-3919\" src=\"https:\/\/wordsbychristine.com\/wp\/wp-content\/uploads\/2019\/09\/sparrow-1744751_640.jpg\" alt=\"\" width=\"600\" height=\"448\" srcset=\"https:\/\/wordsbychristine.com\/wp\/wp-content\/uploads\/2019\/09\/sparrow-1744751_640.jpg 600w, https:\/\/wordsbychristine.com\/wp\/wp-content\/uploads\/2019\/09\/sparrow-1744751_640-300x224.jpg 300w\" sizes=\"auto, (max-width: 600px) 100vw, 600px\" \/><\/p>\n<p><strong>Mata sommartid eller bara p\u00e5 vintern?<br \/>\n<\/strong>M\u00e5nga h\u00e4vdar att man inte beh\u00f6ver mata f\u00e5glarna p\u00e5 sommaren. Jag tycker tv\u00e4rtom. Jag matar f\u00e5glarna \u00e5ret om d\u00e5 det finns sm\u00e5 f\u00e5gelungar i holkarna. B\u00e5de f\u00f6r\u00e4ldrarna har d\u00e5 en viktig uppgift, och det \u00e4r att flyga fram och tillbaka mellan insekter och sina f\u00e5gelungar i holken. Det \u00e4r d\u00e4rf\u00f6r viktigt att f\u00f6dan finns l\u00e4ttillg\u00e4nglig s\u00e5 att det riskfyllda uppdraget att f\u00f6rse ungarna med mat inte slutar i br\u00e5d d\u00f6d, och ungar som d\u00e5 sv\u00e4lter ihj\u00e4l holken. Jag har hittat d\u00f6da f\u00f6rtorkade ungar i en holk, och det \u00e4r s\u00e5 sorgligt. Naturen \u00e4r grym, och jag ser det som min plikt att hj\u00e4lpa f\u00e5glarna s\u00e5 mycket det g\u00e5r f\u00f6r att bevara starka stammar av v\u00e5ra sm\u00e5f\u00e5glar.<\/p>\n<div id='gallery-1' class='gallery galleryid-201 gallery-columns-4 gallery-size-medium'><figure class='gallery-item'>\n\t\t\t<div class='gallery-icon landscape'>\n\t\t\t\t<a href='https:\/\/wordsbychristine.com\/wp\/mata-vilda-djur\/mata-vildfaglar-i-tradgarden\/262277_196408507076790_4343268_n\/'><img loading=\"lazy\" decoding=\"async\" width=\"300\" height=\"200\" src=\"https:\/\/wordsbychristine.com\/wp\/wp-content\/uploads\/2018\/02\/262277_196408507076790_4343268_n-300x200.jpg\" class=\"attachment-medium size-medium\" alt=\"\" aria-describedby=\"gallery-1-202\" srcset=\"https:\/\/wordsbychristine.com\/wp\/wp-content\/uploads\/2018\/02\/262277_196408507076790_4343268_n-300x200.jpg 300w, https:\/\/wordsbychristine.com\/wp\/wp-content\/uploads\/2018\/02\/262277_196408507076790_4343268_n.jpg 500w\" sizes=\"auto, (max-width: 300px) 100vw, 300px\" \/><\/a>\n\t\t\t<\/div>\n\t\t\t\t<figcaption class='wp-caption-text gallery-caption' id='gallery-1-202'>\n\t\t\t\tFr\u00f6n eller insekter?\n\t\t\t\t<\/figcaption><\/figure><figure class='gallery-item'>\n\t\t\t<div class='gallery-icon landscape'>\n\t\t\t\t<a href='https:\/\/wordsbychristine.com\/wp\/mata-vilda-djur\/mata-vildfaglar-i-tradgarden\/270917_196408483743459_8293002_n\/'><img loading=\"lazy\" decoding=\"async\" width=\"300\" height=\"208\" src=\"https:\/\/wordsbychristine.com\/wp\/wp-content\/uploads\/2018\/02\/270917_196408483743459_8293002_n-300x208.jpg\" class=\"attachment-medium size-medium\" alt=\"\" aria-describedby=\"gallery-1-203\" srcset=\"https:\/\/wordsbychristine.com\/wp\/wp-content\/uploads\/2018\/02\/270917_196408483743459_8293002_n-300x208.jpg 300w, https:\/\/wordsbychristine.com\/wp\/wp-content\/uploads\/2018\/02\/270917_196408483743459_8293002_n.jpg 500w\" sizes=\"auto, (max-width: 300px) 100vw, 300px\" \/><\/a>\n\t\t\t<\/div>\n\t\t\t\t<figcaption class='wp-caption-text gallery-caption' id='gallery-1-203'>\n\t\t\t\tFint bes\u00f6k\n\t\t\t\t<\/figcaption><\/figure><figure class='gallery-item'>\n\t\t\t<div class='gallery-icon landscape'>\n\t\t\t\t<a href='https:\/\/wordsbychristine.com\/wp\/mata-vilda-djur\/mata-vildfaglar-i-tradgarden\/263499_196408440410130_288036_n\/'><img loading=\"lazy\" decoding=\"async\" width=\"300\" height=\"203\" src=\"https:\/\/wordsbychristine.com\/wp\/wp-content\/uploads\/2018\/02\/263499_196408440410130_288036_n-300x203.jpg\" class=\"attachment-medium size-medium\" alt=\"\" aria-describedby=\"gallery-1-204\" srcset=\"https:\/\/wordsbychristine.com\/wp\/wp-content\/uploads\/2018\/02\/263499_196408440410130_288036_n-300x203.jpg 300w, https:\/\/wordsbychristine.com\/wp\/wp-content\/uploads\/2018\/02\/263499_196408440410130_288036_n.jpg 500w\" sizes=\"auto, (max-width: 300px) 100vw, 300px\" \/><\/a>\n\t\t\t<\/div>\n\t\t\t\t<figcaption class='wp-caption-text gallery-caption' id='gallery-1-204'>\n\t\t\t\tN\u00f6tter, oh n\u00f6tter\n\t\t\t\t<\/figcaption><\/figure><figure class='gallery-item'>\n\t\t\t<div class='gallery-icon landscape'>\n\t\t\t\t<a href='https:\/\/wordsbychristine.com\/wp\/mata-vilda-djur\/mata-vildfaglar-i-tradgarden\/269523_196408403743467_357730_n\/'><img loading=\"lazy\" decoding=\"async\" width=\"300\" height=\"220\" src=\"https:\/\/wordsbychristine.com\/wp\/wp-content\/uploads\/2018\/02\/269523_196408403743467_357730_n-300x220.jpg\" class=\"attachment-medium size-medium\" alt=\"\" aria-describedby=\"gallery-1-205\" srcset=\"https:\/\/wordsbychristine.com\/wp\/wp-content\/uploads\/2018\/02\/269523_196408403743467_357730_n-300x220.jpg 300w, https:\/\/wordsbychristine.com\/wp\/wp-content\/uploads\/2018\/02\/269523_196408403743467_357730_n.jpg 500w\" sizes=\"auto, (max-width: 300px) 100vw, 300px\" \/><\/a>\n\t\t\t<\/div>\n\t\t\t\t<figcaption class='wp-caption-text gallery-caption' id='gallery-1-205'>\n\t\t\t\tV\u00e4ntar i granen\n\t\t\t\t<\/figcaption><\/figure>\n\t\t<\/div>\n\n<p><strong>Vilken mat f\u00f6redrar f\u00e5glarna?<br \/>\n<\/strong>F\u00f6r att alla f\u00e5glar i din tr\u00e4dg\u00e5rd ska ha chans att \u00e4ta \u00e4r det bra att ha flera st\u00e4llen p\u00e5 tomten dit du enkelt kan fylla p\u00e5 s\u00e5 ofta som det beh\u00f6vs. Det g\u00f6r \u00e4ven att \u00e4ven de f\u00e5glar som beh\u00f6ver st\u00f6d allra mest \u00e4ven f\u00e5r ta del av maten. Det finns en uppsj\u00f6 av olika f\u00e5gelmatare p\u00e5 marknaden och det \u00e4r ocks\u00e5 roligt att se vilka f\u00e5glar som \u00e4ter vad. Det \u00e4r mycket l\u00e4rorikt \u00e4ven om man blir galen p\u00e5 vissa f\u00e5glar som fr\u00e4ckt spr\u00e4tter ut de fr\u00f6er som de inte vill ha, och kan t\u00f6mma en fr\u00f6beh\u00e5llare p\u00e5 egen hand, och l\u00e5ta resten av fr\u00f6erna landa p\u00e5 marken nedanf\u00f6r. I min tr\u00e4dg\u00e5rd brukar jag alltid ha strimmiga och svarta solrosfr\u00f6n, n\u00f6tter, hampfr\u00f6, energikakor, torkade mj\u00f6lmaskar, brukar med smaksatt jordn\u00f6tssm\u00f6r f\u00f6r f\u00e5glar, och efter s\u00e4song \u00e4ven talg, tillsammans med mina j\u00e4ttepopul\u00e4ra fettbollar efter eget recept. Jag k\u00f6per s\u00e4llan talgbollar sedan jag uppt\u00e4ckte hur mycket mer f\u00e5glarna f\u00f6redrog de jag blandade sj\u00e4lv.<\/p>\n<p><img loading=\"lazy\" decoding=\"async\" class=\"aligncenter size-full wp-image-3917\" src=\"https:\/\/wordsbychristine.com\/wp\/wp-content\/uploads\/2019\/09\/robin-1192321_640.jpg\" alt=\"\" width=\"600\" height=\"442\" srcset=\"https:\/\/wordsbychristine.com\/wp\/wp-content\/uploads\/2019\/09\/robin-1192321_640.jpg 600w, https:\/\/wordsbychristine.com\/wp\/wp-content\/uploads\/2019\/09\/robin-1192321_640-300x221.jpg 300w\" sizes=\"auto, (max-width: 600px) 100vw, 600px\" \/><\/p>\n<p>&nbsp;<\/p>\n<p>F\u00e5glar har verkligen olika favoritr\u00e4tter och det \u00e4r roligt att se hur de v\u00e4ljer l\u00e4nge och v\u00e4l innan de f\u00f6rtjust v\u00e4ljer sin sort. N\u00e4bben \u00e4r ett s\u00e4tt att komma p\u00e5 vilken sorts mat som f\u00f6redras av varje f\u00e5gel. Smala n\u00e4bbar \u00e4r anpassade efter att pilla fram insekter i tr\u00e4d, de tjocka och kraftigare anv\u00e4nder sin n\u00e4bb till att kn\u00e4cka fr\u00f6skalen som kan vara h\u00e5rda. M\u00e5nga f\u00e5glar \u00e4r dock inte alltf\u00f6r kr\u00e4sna utan de \u00e4ter n\u00e4stan allt som bjuds. f\u00f6redrar ocks\u00e5 m\u00e5nga fr\u00f6\u00e4tande f\u00e5glar v\u00e4ljer riktigt feta fr\u00f6n som hemf\u00f6r och solrosfr\u00f6n. Satsar man p\u00e5 ekologiska fr\u00f6n \u00e4r man en milj\u00f6v\u00e4n.<\/p>\n<p><img loading=\"lazy\" decoding=\"async\" class=\"aligncenter size-full wp-image-3916\" src=\"https:\/\/wordsbychristine.com\/wp\/wp-content\/uploads\/2019\/09\/nuthatch-915435_640.jpg\" alt=\"\" width=\"600\" height=\"399\" srcset=\"https:\/\/wordsbychristine.com\/wp\/wp-content\/uploads\/2019\/09\/nuthatch-915435_640.jpg 600w, https:\/\/wordsbychristine.com\/wp\/wp-content\/uploads\/2019\/09\/nuthatch-915435_640-300x200.jpg 300w, https:\/\/wordsbychristine.com\/wp\/wp-content\/uploads\/2019\/09\/nuthatch-915435_640-270x180.jpg 270w\" sizes=\"auto, (max-width: 600px) 100vw, 600px\" \/><\/p>\n<p><strong>T\u00e4nk p\u00e5 vart du placerar maten och p\u00e5 hygienen<br \/>\n<\/strong>M\u00e5nga av de billigaste fr\u00f6blandningarna du kan k\u00f6pa i storpack p\u00e5 n\u00e5got byggvaruhus inneh\u00e5ller v\u00e4ldigt mycket havre, och d\u00e5 blir det inte s\u00e5 billigt i l\u00e4ngden d\u00e5 det n\u00e4stan bara \u00e4r gulsparven och n\u00f6tskrikorna som \u00e4ter det. Det kan ofta bli mer ekonomiskt att k\u00f6pa storpack av de fr\u00f6n som du vet att dina f\u00e5glar \u00e4ter och blanda din egen mix. Eller ha olika f\u00e5gelmatare som inneh\u00e5ller bara en sort \u00e5t g\u00e5ngen. D\u00e5 f\u00e5r du \u00e4ven en visuell bild av vad dina f\u00e5glar f\u00f6redrar. N\u00e4r man v\u00e4ljer en plats f\u00f6r sina f\u00e5gelmatare \u00e4r det betydelsefullt att planera utifr\u00e5n hur din tr\u00e4dg\u00e5rd ser ut. Om du placerar dina f\u00e5gelmatare i n\u00e4rheten av buskar och tr\u00e4d med m\u00e5nga grenar kan de snabbt flyga iv\u00e4g om fara hotar. Det ger dem \u00e4ven en m\u00f6jlighet att v\u00e4nta p\u00e5 sin tur i lugn och ro. T\u00e4nk p\u00e5 att att marken b\u00f6r vara fri s\u00e5 f\u00e5glarna har uppsikt. Annars f\u00e5r du ofta snabbt din egen eller n\u00e5gon grannes katt som g\u00f6mmer sig d\u00e4r i v\u00e4ntan p\u00e5 r\u00e4tt tillf\u00e4lle. Och du vill inte att sm\u00e5f\u00e5glarna ska falla offer f\u00f6r katter eller andra djur, n\u00e4r de s\u00f6kt sig till dig f\u00f6r mat. N\u00e4r du ska v\u00e4lja en f\u00e5gelmatare eller konstruera en sj\u00e4lv \u00e4r det viktigt att du t\u00e4nker till innan.<\/p>\n<p><img loading=\"lazy\" decoding=\"async\" class=\"aligncenter size-full wp-image-3914\" src=\"https:\/\/wordsbychristine.com\/wp\/wp-content\/uploads\/2019\/09\/great-spotted-woodpecker-764584_640.jpg\" alt=\"\" width=\"600\" height=\"398\" srcset=\"https:\/\/wordsbychristine.com\/wp\/wp-content\/uploads\/2019\/09\/great-spotted-woodpecker-764584_640.jpg 600w, https:\/\/wordsbychristine.com\/wp\/wp-content\/uploads\/2019\/09\/great-spotted-woodpecker-764584_640-300x199.jpg 300w, https:\/\/wordsbychristine.com\/wp\/wp-content\/uploads\/2019\/09\/great-spotted-woodpecker-764584_640-270x180.jpg 270w\" sizes=\"auto, (max-width: 600px) 100vw, 600px\" \/><\/p>\n<p>N\u00e4r m\u00e5nga f\u00e5glar bes\u00f6ker ditt f\u00e5gelbord \u00e4r det viktigt att f\u00e5glarna inte f\u00e5r tillf\u00e4lle att bajsa och f\u00f6rorena maten. Det \u00e4r l\u00e4tt h\u00e4nt att en enda sjuk f\u00e5gel kan smitta en annan med parasiter eller andra sjukdomar. S\u00e5 f\u00e5gelmatare som f\u00e5geln flyger till f\u00f6r att h\u00e4mta fr\u00f6n \u00e4r b\u00e4ttre ur smittskyddspunkt. Om du \u00e4nd\u00e5 f\u00f6redrar ett f\u00e5gelbord d\u00e4r f\u00e5glarna kan flyga in under tak finns det n\u00e5gra enkla knep du kan anv\u00e4nda dig av f\u00f6r att kunna st\u00e4da \u00e5 ett bra s\u00e4tt. Alla ytor kan du enkelt kl\u00e4 med dekorplast som \u00e4r enklare att reng\u00f6ra \u00e4n tr\u00e4 eller andra material. Du har d\u00e5 m\u00f6jlighet att byta plasten regelbundet. En rulle dekorplast kostar inte mycket, och du kan \u00e4ven anv\u00e4nda det f\u00f6r att piffa upp gamla f\u00e5gelmatare eller att anv\u00e4nda f\u00f6r att kl\u00e4 in en lite tr\u00e5kigare f\u00e5gelmatare i tr\u00e4. Ha g\u00e4rna dina matstationer utplacerade s\u00e5 du ser dem ifr\u00e5n f\u00f6nstren men en bit bort och st\u00e4da marken under f\u00f6r att inte f\u00f6da m\u00f6ss ist\u00e4llet. Vintertid kan du med f\u00f6rdel l\u00e4gga ut grankvastar under f\u00e5gelmatarna som du kan ta bort och p\u00e5 s\u00e5 vis st\u00e4da p\u00e5 ett naturligt s\u00e4tt. Sommartid kan du l\u00e4gga ut ett kompostgaller inkl\u00e4tt i plast under f\u00e5gelmatarna som kan f\u00e5nga upp tomma skal. Anv\u00e4nd din fantasi!<\/p>\n<p><img loading=\"lazy\" decoding=\"async\" class=\"aligncenter size-full wp-image-3915\" src=\"https:\/\/wordsbychristine.com\/wp\/wp-content\/uploads\/2019\/09\/nuthatch-861883_640.jpg\" alt=\"\" width=\"600\" height=\"402\" srcset=\"https:\/\/wordsbychristine.com\/wp\/wp-content\/uploads\/2019\/09\/nuthatch-861883_640.jpg 600w, https:\/\/wordsbychristine.com\/wp\/wp-content\/uploads\/2019\/09\/nuthatch-861883_640-300x201.jpg 300w, https:\/\/wordsbychristine.com\/wp\/wp-content\/uploads\/2019\/09\/nuthatch-861883_640-270x180.jpg 270w\" sizes=\"auto, (max-width: 600px) 100vw, 600px\" \/><\/p>\n<p><strong>St\u00f6rre f\u00e5glar som skator\/n\u00f6tskrikor\/kr\u00e5kor skr\u00e4mmer och frossar i all mat f\u00f6r sm\u00e5f\u00e5glarna \u2013\u00a0 vad kan jag g\u00f6ra?<\/strong><br \/>\nSj\u00e4lvklart kommer ditt f\u00e5gelbord snart uppm\u00e4rksammas av de st\u00f6rre f\u00e5glarna med. Sj\u00e4lv s\u00e5 har jag en stor flock med skr\u00e4niga n\u00f6tskrikor som \u00e4ter kopi\u00f6sa m\u00e4ngder. De tycks inte ha n\u00e5gon urskiljning alls utan landar som f\u00e5glarna ur en Hitchkockfilm och tar snabbt det st\u00f6rsta de hittar som de seglar iv\u00e4g med. De \u00e4r fina att se ifr\u00e5n f\u00f6nstret men ack s\u00e5 skygga n\u00e4r jag \u00e4r i tr\u00e4dg\u00e5rden. Av en ren tillf\u00e4llighet hittade jag en l\u00f6sning p\u00e5 problemet; n\u00e4r min man byggde en stor r\u00e5djursmatare som vi fyllde med krossad havre f\u00f6r att v\u00e4nja r\u00e5djuren vid den redan p\u00e5 h\u00f6sten, d\u00e5 flyttade hem kolonin med n\u00f6tskrikor dit och \u00e5t och \u00e5t. Sedan om det var bra f\u00f6r deras h\u00e4lsa vet jag dock inte n\u00e4r de fick en s\u00e5 ensidig kost. Det finns r\u00e4tt m\u00e5nga olika f\u00e5gelmatare d\u00e4r tillverkarna har tagit h\u00e4nsyn till att skydda sm\u00e5f\u00e5glar i stor utstr\u00e4ckning. Den lilla mataren \u00e4r g\u00f6md inuti en gallerbur som de st\u00f6rre f\u00e5glarna inte kan ta sig igenom. Om man \u00e4r lite p\u00e5hittig kan man sj\u00e4lv tillverka liknande konstruktioner.<\/p>\n<p><img loading=\"lazy\" decoding=\"async\" class=\"aligncenter size-full wp-image-3926\" src=\"https:\/\/wordsbychristine.com\/wp\/wp-content\/uploads\/2019\/09\/waxwing-1163294_640.jpg\" alt=\"\" width=\"600\" height=\"399\" srcset=\"https:\/\/wordsbychristine.com\/wp\/wp-content\/uploads\/2019\/09\/waxwing-1163294_640.jpg 600w, https:\/\/wordsbychristine.com\/wp\/wp-content\/uploads\/2019\/09\/waxwing-1163294_640-300x200.jpg 300w, https:\/\/wordsbychristine.com\/wp\/wp-content\/uploads\/2019\/09\/waxwing-1163294_640-270x180.jpg 270w\" sizes=\"auto, (max-width: 600px) 100vw, 600px\" \/><br \/>\nAtt s\u00e4tta ihop tv\u00e5 gallerkorgar ifr\u00e5n en garderob kan ge samma skydd men \u00e4r i s\u00e5 gott som gratis. Andra tillverkar en billig h\u00f6g bur av kompostgaller och ger f\u00e5glarna en fristad inuti. D\u00e5 \u00e4r det bra om man h\u00e4nger f\u00e5gelmatare i taket och kanske anv\u00e4nder grangrenar eller annat material ifr\u00e5n naturen som tak och regnskydd, ovanp\u00e5 plast. Man kan ta en svart sops\u00e4ck om man inte har tillg\u00e5ng till tex en presenning och vips s\u00e5 f\u00e5r f\u00e5glarna ett tillf\u00e4lle att \u00e4ta \u00e4ven i \u00f6sregn. Andra material som man kan anv\u00e4nda \u00e4r olika former av grovkornigt n\u00e4t p\u00e5 en ram av tex tr\u00e4stolpar. Men de st\u00f6rre f\u00e5glarna kommer inte till din tr\u00e4dg\u00e5rd f\u00f6r att j\u00e4vlas, utan de kommer av hunger de med. S\u00e5 fundera ut vad du kan ge dem att \u00e4ta och ordna en mer avskild plats f\u00f6r dem d\u00e4r du frestar med vad de tycks uppskatta. Mina n\u00f6tskrikor \u00e4lskar ris, \u00e4ven om det inte \u00e4r s\u00e5 energirikt. Br\u00f6dkanter kan de \u00e4ven vara som tokiga i, \u00e4ven om br\u00f6d inte \u00e4r s\u00e5 bra ur n\u00e4ringssynpunkt f\u00f6r f\u00e5glar. Att \u00e4ta det d\u00e5 och d\u00e5 n\u00e4r du har rester hemma d\u00f6r de dock inte av. N\u00e5got annat som blir billigt att utfodra med till dem kan vara havregryn insmorda i rapsolja.<\/p>\n<p><img loading=\"lazy\" decoding=\"async\" class=\"aligncenter size-full wp-image-3916\" src=\"https:\/\/wordsbychristine.com\/wp\/wp-content\/uploads\/2019\/09\/nuthatch-915435_640.jpg\" alt=\"\" width=\"600\" height=\"399\" srcset=\"https:\/\/wordsbychristine.com\/wp\/wp-content\/uploads\/2019\/09\/nuthatch-915435_640.jpg 600w, https:\/\/wordsbychristine.com\/wp\/wp-content\/uploads\/2019\/09\/nuthatch-915435_640-300x200.jpg 300w, https:\/\/wordsbychristine.com\/wp\/wp-content\/uploads\/2019\/09\/nuthatch-915435_640-270x180.jpg 270w\" sizes=\"auto, (max-width: 600px) 100vw, 600px\" \/><\/p>\n<p><strong>Ska man ge f\u00e5glarna vatten och hur l\u00f6ser man det vintertid i s\u00e5 fall?<\/strong><br \/>\nM\u00e5nga med mig upplever att de matstationer d\u00e4r det \u00e4ven finns vatten tilldrar sig fler f\u00e5glar. De beh\u00f6ver b\u00e5de reng\u00f6ra fj\u00e4drarna och komma \u00e5t att dricka. S\u00e4rskilt en varm sommardag i juli n\u00e4r vattnet i b\u00e4cken p\u00e5 min tomt har sinat s\u00e5 m\u00e4rker jag hur de letar efter annat l\u00e4ttillg\u00e4ngligt vatten att dricka. Dock f\u00e5r man byta vattensk\u00e5len och reng\u00f6ra den mer frekvent d\u00e5 det tenderar att hamna spillning d\u00e4r. P\u00e5 vintern \u00e4r det m\u00e5nga som inte ger vatten d\u00e5 det s\u00e5 snabbt fryser till is. Man kan ibland h\u00e5lla vattnet isfritt n\u00e5got l\u00e4ngre om man anv\u00e4nder knepet att l\u00e4gga ett runt f\u00f6rem\u00e5l i vattensk\u00e5len. Man b\u00f6r absolut inte h\u00e4lla olja i vattnet f\u00f6r att h\u00e5lla isen borta. Det kan f\u00f6rst\u00f6ra fj\u00e4drarna om de f\u00e5r olja i den vintertid och d\u00e5 kan f\u00e5glarna riskera att frysa ihj\u00e4l ist\u00e4llet. Det enklaste s\u00e4ttet anser jag \u00e4r att anv\u00e4nda en doppv\u00e4rmare till akvarium i en f\u00f6rl\u00e4ngningssladd f\u00f6r utomhusbruk direkt ifr\u00e5n huset eller n\u00e4rmaste uttaget d\u00e4r du har el. Det f\u00f6rbrukar inte m\u00e5nga watt. I m\u00e5nga lantbruksbutiker hittar du ocks\u00e5 eluppv\u00e4rmda vattensk\u00e5lar avsedda f\u00f6r h\u00f6ns eller hundar i hundg\u00e5rdar om du kan placera p\u00e5 ett fiffigt st\u00e4lle under tak s\u00e5 vattnet inte blir \u00f6versn\u00f6at.<\/p>\n<p><img loading=\"lazy\" decoding=\"async\" class=\"aligncenter size-full wp-image-3920\" src=\"https:\/\/wordsbychristine.com\/wp\/wp-content\/uploads\/2019\/09\/sparrow-3099573_640.jpg\" alt=\"\" width=\"600\" height=\"396\" srcset=\"https:\/\/wordsbychristine.com\/wp\/wp-content\/uploads\/2019\/09\/sparrow-3099573_640.jpg 600w, https:\/\/wordsbychristine.com\/wp\/wp-content\/uploads\/2019\/09\/sparrow-3099573_640-300x198.jpg 300w, https:\/\/wordsbychristine.com\/wp\/wp-content\/uploads\/2019\/09\/sparrow-3099573_640-380x250.jpg 380w\" sizes=\"auto, (max-width: 600px) 100vw, 600px\" \/><\/p>\n<p>&nbsp;<\/p>\n","protected":false},"excerpt":{"rendered":"<p>Varf\u00f6r ska vi mata v\u00e5ra vildf\u00e5glar? Sm\u00e5f\u00e5glar f\u00e5r enklare att leva och f\u00f6rgylla v\u00e5ra liv med deras n\u00e4rvaro om vi st\u00f6dutfodrar dem med f\u00e5gelfr\u00f6, energikakor, fett och insekter. N\u00e4r vi hj\u00e4lper v\u00e5ra vinterf\u00e5glar bevaras olika f\u00e5gelstammar och vi beh\u00e5ller den naturens balans som f\u00e5glarna bidrar till genom att h\u00e5lla efter skadeinsekter i skogen och i tr\u00e4dg\u00e5rden. V\u00e5ra svenska f\u00e5glar ger <a class=\"read-more\" href=\"https:\/\/wordsbychristine.com\/wp\/mata-vilda-djur\/mata-vildfaglar-i-tradgarden\/\">L\u00c4S MER<\/a><\/p>\n","protected":false},"author":1,"featured_media":0,"parent":47,"menu_order":0,"comment_status":"closed","ping_status":"closed","template":"","meta":{"footnotes":""},"class_list":["post-201","page","type-page","status-publish","hentry","list-style-post"],"_links":{"self":[{"href":"https:\/\/wordsbychristine.com\/wp\/wp-json\/wp\/v2\/pages\/201","targetHints":{"allow":["GET"]}}],"collection":[{"href":"https:\/\/wordsbychristine.com\/wp\/wp-json\/wp\/v2\/pages"}],"about":[{"href":"https:\/\/wordsbychristine.com\/wp\/wp-json\/wp\/v2\/types\/page"}],"author":[{"embeddable":true,"href":"https:\/\/wordsbychristine.com\/wp\/wp-json\/wp\/v2\/users\/1"}],"replies":[{"embeddable":true,"href":"https:\/\/wordsbychristine.com\/wp\/wp-json\/wp\/v2\/comments?post=201"}],"version-history":[{"count":3,"href":"https:\/\/wordsbychristine.com\/wp\/wp-json\/wp\/v2\/pages\/201\/revisions"}],"predecessor-version":[{"id":3942,"href":"https:\/\/wordsbychristine.com\/wp\/wp-json\/wp\/v2\/pages\/201\/revisions\/3942"}],"up":[{"embeddable":true,"href":"https:\/\/wordsbychristine.com\/wp\/wp-json\/wp\/v2\/pages\/47"}],"wp:attachment":[{"href":"https:\/\/wordsbychristine.com\/wp\/wp-json\/wp\/v2\/media?parent=201"}],"curies":[{"name":"wp","href":"https:\/\/api.w.org\/{rel}","templated":true}]}}